{"id":8849,"date":"2021-04-20T16:16:02","date_gmt":"2021-04-20T16:16:02","guid":{"rendered":"https:\/\/www.plitvice.com\/?page_id=8849"},"modified":"2021-06-10T14:17:57","modified_gmt":"2021-06-10T14:17:57","slug":"zdravlje-i-covid-19","status":"publish","type":"page","link":"https:\/\/www.old.plitvice.com\/hr\/zdravlje-i-covid-19\/","title":{"rendered":"Zdravlje i COVID-19"},"content":{"rendered":"<p>[et_pb_section fb_built=&#8221;1&#8243; _builder_version=&#8221;3.22&#8243;][et_pb_row column_structure=&#8221;3_4,1_4&#8243; _builder_version=&#8221;3.25&#8243; background_size=&#8221;initial&#8221; background_position=&#8221;top_left&#8221; background_repeat=&#8221;repeat&#8221;][et_pb_column type=&#8221;3_4&#8243; _builder_version=&#8221;3.25&#8243; custom_padding=&#8221;|||&#8221; custom_padding__hover=&#8221;|||&#8221;][et_pb_text admin_label=&#8221;COVID-19 preporuke i savjeti za putovanje&#8221; module_class=&#8221;privacy_page&#8221; _builder_version=&#8221;4.6.1&#8243; z_index_tablet=&#8221;500&#8243;]<\/p>\n<h2>COVID-19 preporuke i savjeti za putovanje<\/h2>\n<p>Kako bi svojim gostima umanjili stres putovanja u doba pandemije i olak\u0161ali vam pripreme za putovanje i boravak izvan sigurnosti va\u0161eg doma, pripremili smo za vas savjete i preporuke za putovanje kako bi sigurno do\u0161li u va\u0161u destinaciju, dok se za va\u0161u sigurnost tijekom boravka u Plitvice Holiday Resortu brine iskusno osoblje i radne procedure koji su potvr\u0111ene me\u0111unarodno priznatim certifikatom (DEKRA) o pouzdanosti objekta, te oznakom \u201eStay safe in Croatia\u201c, kao potvrdom provo\u0111enja sigurnosnih protokola u turizmu i ugostiteljstvu, povrh svih protuepidemiolo\u0161kih mjera propisanih od strane nadle\u017enih institucija za zdravstvo RH.<\/p>\n<h4>Savjeti prije polaska<\/h4>\n<p>Na web-stranici Europske komisije \u2018<a href=\"http:\/\/amadriapark.matikcloud.com\/index.php?entryPoint=campaign_trackerv2&amp;track=acf4f38a-482b-5020-88e1-6075abad5a0d&amp;identifier=bd1bb7ba-3799-4817-b826-6075c129d25c\"><strong>Re-open EU<\/strong><\/a><strong><u>\u2018<\/u><\/strong>\u00a0mo\u017eete prona\u0107i informacije o putovanju unutar granica Europske unije, situaciji na grani\u010dnim prijelazima te svim dostupnim prijevoznim sredstvima i turisti\u010dkim uslugama u dr\u017eavama \u010dlanicama Europske unije.<\/p>\n<p>Preporu\u010damo stranim dr\u017eavljanima koji namjeravaju boraviti u Republici Hrvatskoj da unaprijed dostave svoje osobne podatke putem web stranice\u00a0<a href=\"http:\/\/amadriapark.matikcloud.com\/index.php?entryPoint=campaign_trackerv2&amp;track=403c10ac-1d4d-0246-9c23-6075abb17ca0&amp;identifier=bd1bb7ba-3799-4817-b826-6075c129d25c\">entercroatia.mup.hr<\/a><strong>\u00a0<\/strong>kako bi skratili vrijeme \u010dekanja za prelazak dr\u017eavne granice.<\/p>\n<p>Stanje na glavnim cestama, grani\u010dnim prijelazima i drugim frekventnim putni\u010dkim pravcima u svakom trenutku mo\u017eete provjeriti na kamerama\u00a0<a href=\"http:\/\/amadriapark.matikcloud.com\/index.php?entryPoint=campaign_trackerv2&amp;track=26788962-966e-318d-ca04-6075ab5dcc58&amp;identifier=bd1bb7ba-3799-4817-b826-6075c129d25c\">Hrvatskog autokluba<\/a>.<\/p>\n<p>Za sve dodatne informacije o korona virusu u\u00a0Republici\u00a0Hrvatskoj posjetite<a href=\"http:\/\/amadriapark.matikcloud.com\/index.php?entryPoint=campaign_trackerv2&amp;track=a872f4c1-37d0-b404-ba2f-6075ab5ab2a8&amp;identifier=bd1bb7ba-3799-4817-b826-6075c129d25c\"> www.koronavirus.hr<\/a><\/p>\n<p>\u017delimo vam sretan put i bezbri\u017ean odmor.<\/p>\n<p>Plitvice Holiday Resort<\/p>\n<p>[\/et_pb_text][et_pb_text admin_label=&#8221;Obavijest o testiranju na koronavirus&#8221; module_class=&#8221;privacy_page&#8221; _builder_version=&#8221;4.6.1&#8243; z_index_tablet=&#8221;500&#8243;]<\/p>\n<h2>Obavijest o testiranju na koronavirus<\/h2>\n<h4>Lokacije PCR testiranja:<\/h4>\n<ul>\n<li>Vojarna Lu\u0161\u010di\u0107, Karlovac<\/li>\n<\/ul>\n<p>Uzimanje uzoraka je na lokaciji: biv\u0161a vojarna Lu\u0161\u010di\u0107, Karlovac \u2013 ulaz na raskri\u017eju ulice Lu\u0161\u0107i\u0107 i ulice Ljudevita \u0160esti\u0107a. Do objekta \u0107e Vas voditi prometna regulacija.\u00a0\u00a0Ukoliko dolazite automobilom, parkirajte se ispred \u0161atora te ugasite vozilo. Ne izlazite iz automobila. Ako dolazite pje\u0161ice javite se na prijemni \u0161alter, Na testiranje je potrebno do\u0107i sa za\u0161titnom maskom za lice.<\/p>\n<h4>Lokacije antigenskog testiranja:<\/h4>\n<ul>\n<li>Dom zdravlja Slunj \u00a0<\/li>\n<li>Vojarna Lu\u0161\u010di\u0107, Karlovac<\/li>\n<\/ul>\n<h4>Cijena testiranja (na vlastiti zahtjev, bez uputnice):<\/h4>\n<ul>\n<li>PCR na hrvatskom 500,00 kn<\/li>\n<li>PCR na engleskom 625,00 kn<\/li>\n<li>Antigenski 150 kn<\/li>\n<\/ul>\n<p><strong>Antigensko testiranje u Slunju \u2013<\/strong>\u00a0 provodi se za osobe s uputnicom i na vlastiti zahtjev (u tom slu\u010daju testiranje se pla\u0107a 150,00 kn). Testiranje se provodi od 09:00 sati svaki radni dan sa stra\u017enje strane objekta Doma zdravlja Slunj, Plitiv\u010dka 18 a \u2013 ulaz u pedijatrijsku ordinaciju\u00a0<strong>\u2013\u00a0 pratiti natpise i strelice pri prilasku objektu!\u00a0\u00a0<\/strong>Prethodno naru\u010divanje nije potrebno, potrebno je do\u0107i u 09:00 i slijediti upute, svi odazvani bit \u0107e testirani.<\/p>\n<p>Testirali ste se na\u00a0<strong>SARS-CoV-2<\/strong>\u00a0i dobili ste pozitivan nalaz ili ste bili u kontaktu s osobom koja je pozitivna na koronavirus i potrebni su Vam odgovori na slijede\u0107a pitanja:<\/p>\n<ul>\n<li>Koji je postupak za osobe u izolaciji i koliko trebam biti u izolaciji?<\/li>\n<li>Trebam li biti u samoizolaciji? Kako utvrditi po\u010detak i kraj samoizolacije?<\/li>\n<li>Tko od mojih uku\u0107ana i mojih poznanika treba biti\u00a0u samoizolaciji?<\/li>\n<li>Trebam li se testirati?<\/li>\n<li>Kako obavijestiti poslodavca?<\/li>\n<\/ul>\n<p>Odgovore mo\u017eete dobiti na\u00a0<a href=\"tel:0995472091\">+385 99 547 2091<\/a>\u00a0i\u00a0<a href=\"tel:0995472088\">+385 99 547 2088<\/a>\u00a0od ponedjeljka do nedjelje\u00a0<strong>od 07:00 do 15:00 sati.<\/strong><\/p>\n<p>&nbsp;<\/p>\n<p>[\/et_pb_text][et_pb_text admin_label=&#8221;Coronavirus u Hrvatskoj&#8221; module_class=&#8221;privacy_page&#8221; _builder_version=&#8221;4.6.1&#8243; hover_enabled=&#8221;0&#8243; z_index_tablet=&#8221;500&#8243; sticky_enabled=&#8221;0&#8243;]<\/p>\n<h2>Coronavirus u Hrvatskoj<\/h2>\n<p><a href=\"https:\/\/www.croatiacovid19.info\/\" target=\"_blank\" rel=\"noopener noreferrer\">https:\/\/www.croatiacovid19.info\/<\/a><\/p>\n<p>[\/et_pb_text][et_pb_text admin_label=&#8221;Certifikat&#8221; module_class=&#8221;privacy_page&#8221; _builder_version=&#8221;4.6.1&#8243; z_index_tablet=&#8221;500&#8243;]<\/p>\n<h2>Certifikat<\/h2>\n<p><a href=\"\/wp-content\/uploads\/2021\/04\/20210426142030.pdf\" target=\"_blank\" rel=\"noopener noreferrer\">DEKRA standard Pouzdani objekt<\/a><\/p>\n<p>&nbsp;<\/p>\n<p>[\/et_pb_text][\/et_pb_column][et_pb_column type=&#8221;1_4&#8243; _builder_version=&#8221;3.25&#8243; custom_padding=&#8221;|||&#8221; custom_padding__hover=&#8221;|||&#8221;][\/et_pb_column][\/et_pb_row][\/et_pb_section]<\/p>\n","protected":false},"excerpt":{"rendered":"<p>COVID-19 preporuke i savjeti za putovanje Kako bi svojim gostima umanjili stres putovanja u doba pandemije i olak\u0161ali vam pripreme za putovanje i boravak izvan sigurnosti va\u0161eg doma, pripremili smo za vas savjete i preporuke za putovanje kako bi sigurno do\u0161li u va\u0161u destinaciju, dok se za va\u0161u sigurnost tijekom boravka u Plitvice Holiday Resortu [&hellip;]<\/p>\n","protected":false},"author":1,"featured_media":0,"parent":0,"menu_order":0,"comment_status":"closed","ping_status":"closed","template":"","meta":{"_et_pb_use_builder":"on","_et_pb_old_content":"","_et_gb_content_width":""},"_links":{"self":[{"href":"https:\/\/www.old.plitvice.com\/hr\/wp-json\/wp\/v2\/pages\/8849"}],"collection":[{"href":"https:\/\/www.old.plitvice.com\/hr\/wp-json\/wp\/v2\/pages"}],"about":[{"href":"https:\/\/www.old.plitvice.com\/hr\/wp-json\/wp\/v2\/types\/page"}],"author":[{"embeddable":true,"href":"https:\/\/www.old.plitvice.com\/hr\/wp-json\/wp\/v2\/users\/1"}],"replies":[{"embeddable":true,"href":"https:\/\/www.old.plitvice.com\/hr\/wp-json\/wp\/v2\/comments?post=8849"}],"version-history":[{"count":7,"href":"https:\/\/www.old.plitvice.com\/hr\/wp-json\/wp\/v2\/pages\/8849\/revisions"}],"predecessor-version":[{"id":9086,"href":"https:\/\/www.old.plitvice.com\/hr\/wp-json\/wp\/v2\/pages\/8849\/revisions\/9086"}],"wp:attachment":[{"href":"https:\/\/www.old.plitvice.com\/hr\/wp-json\/wp\/v2\/media?parent=8849"}],"curies":[{"name":"wp","href":"https:\/\/api.w.org\/{rel}","templated":true}]}}