{"id":5082,"date":"2018-09-18T10:51:06","date_gmt":"2018-09-18T10:51:06","guid":{"rendered":"https:\/\/www.plitvice.com\/more-about-project\/"},"modified":"2019-08-06T08:09:07","modified_gmt":"2019-08-06T08:09:07","slug":"more-about-project","status":"publish","type":"page","link":"https:\/\/www.old.plitvice.com\/hr\/more-about-project\/","title":{"rendered":"Ulaganje u turisti\u010dko naselje Plitvice Holiday Resort 4*"},"content":{"rendered":"<p>[et_pb_section bb_built=&#8221;1&#8243; _builder_version=&#8221;3.22.3&#8243;][et_pb_row _builder_version=&#8221;3.22.3&#8243;][et_pb_column type=&#8221;4_4&#8243;][et_pb_text _builder_version=&#8221;3.22.7&#8243; text_text_shadow_horizontal_length=&#8221;text_text_shadow_style,%91object Object%93&#8243; text_text_shadow_vertical_length=&#8221;text_text_shadow_style,%91object Object%93&#8243; text_text_shadow_blur_strength=&#8221;text_text_shadow_style,%91object Object%93&#8243; link_text_shadow_horizontal_length=&#8221;link_text_shadow_style,%91object Object%93&#8243; link_text_shadow_vertical_length=&#8221;link_text_shadow_style,%91object Object%93&#8243; link_text_shadow_blur_strength=&#8221;link_text_shadow_style,%91object Object%93&#8243; ul_text_shadow_horizontal_length=&#8221;ul_text_shadow_style,%91object Object%93&#8243; ul_text_shadow_vertical_length=&#8221;ul_text_shadow_style,%91object Object%93&#8243; ul_text_shadow_blur_strength=&#8221;ul_text_shadow_style,%91object Object%93&#8243; ol_text_shadow_horizontal_length=&#8221;ol_text_shadow_style,%91object Object%93&#8243; ol_text_shadow_vertical_length=&#8221;ol_text_shadow_style,%91object Object%93&#8243; ol_text_shadow_blur_strength=&#8221;ol_text_shadow_style,%91object Object%93&#8243; quote_text_shadow_horizontal_length=&#8221;quote_text_shadow_style,%91object Object%93&#8243; quote_text_shadow_vertical_length=&#8221;quote_text_shadow_style,%91object Object%93&#8243; quote_text_shadow_blur_strength=&#8221;quote_text_shadow_style,%91object Object%93&#8243; header_text_shadow_horizontal_length=&#8221;header_text_shadow_style,%91object Object%93&#8243; header_text_shadow_vertical_length=&#8221;header_text_shadow_style,%91object Object%93&#8243; header_text_shadow_blur_strength=&#8221;header_text_shadow_style,%91object Object%93&#8243; header_2_text_shadow_horizontal_length=&#8221;header_2_text_shadow_style,%91object Object%93&#8243; header_2_text_shadow_vertical_length=&#8221;header_2_text_shadow_style,%91object Object%93&#8243; header_2_text_shadow_blur_strength=&#8221;header_2_text_shadow_style,%91object Object%93&#8243; header_3_text_shadow_horizontal_length=&#8221;header_3_text_shadow_style,%91object Object%93&#8243; header_3_text_shadow_vertical_length=&#8221;header_3_text_shadow_style,%91object Object%93&#8243; header_3_text_shadow_blur_strength=&#8221;header_3_text_shadow_style,%91object Object%93&#8243; header_4_text_shadow_horizontal_length=&#8221;header_4_text_shadow_style,%91object Object%93&#8243; header_4_text_shadow_vertical_length=&#8221;header_4_text_shadow_style,%91object Object%93&#8243; header_4_text_shadow_blur_strength=&#8221;header_4_text_shadow_style,%91object Object%93&#8243; header_5_text_shadow_horizontal_length=&#8221;header_5_text_shadow_style,%91object Object%93&#8243; header_5_text_shadow_vertical_length=&#8221;header_5_text_shadow_style,%91object Object%93&#8243; header_5_text_shadow_blur_strength=&#8221;header_5_text_shadow_style,%91object Object%93&#8243; header_6_text_shadow_horizontal_length=&#8221;header_6_text_shadow_style,%91object Object%93&#8243; header_6_text_shadow_vertical_length=&#8221;header_6_text_shadow_style,%91object Object%93&#8243; header_6_text_shadow_blur_strength=&#8221;header_6_text_shadow_style,%91object Object%93&#8243;]<\/p>\n<h3><strong>Ulaganje u Turisti\u010dko naselje Plitvice Holiday Resort 4*<\/strong><\/h3>\n<p>&nbsp;<\/p>\n<p><img decoding=\"async\" class=\"\" src=\"https:\/\/www.plitvice.com\/wp-content\/uploads\/2018\/09\/logo.jpg\" alt=\"Plitvice\" width=\"422\" height=\"83\" \/><\/p>\n<p>Europska unija &#8211;\u00a0<a href=\"http:\/\/www.strukturnifondovi.hr\/op-konkurentnost-i-kohezija-2014-2020-779\">http:\/\/www.strukturnifondovi.hr\/op-konkurentnost-i-kohezija-2014-2020-779<\/a><\/p>\n<h4><strong>Zajedno do EU fondova<\/strong><\/h4>\n<p><img decoding=\"async\" src=\"https:\/\/www.plitvice.com\/wp-content\/uploads\/2018\/09\/plitlogo.jpg\" alt=\"Plitvice\" \/><\/p>\n<p style=\"text-align: left;\"><a href=\"www.strukturnifondovi.hr\" target=\"_blank\" rel=\"noopener noreferrer\">www.strukturnifondovi.hr<\/a><\/p>\n<p>Naziv projekta: Ulaganje u turisti\u010dko naselje Plitvice Holiday Resort 4*<br \/>\nKorisnik: Rotokor d.o.o., Grabovac 102, 47245 Rakovica<br \/>\nBroj ugovora: KK.03.2.1.04.0040<\/p>\n<p>Kratak opis projekta: Ulaganjem u ime projekta pove\u0107ati \u0107e se kapaciteti smje\u0161tajnih jedinica, te \u0107e se stvoriti i dodatni sadr\u017eaji u obliku jezera i mini-golf igrali\u0161ta. Novo otvorena radna mjesta kao i edukacija radnika, pove\u0107anje popunjenosti smje\u0161tajnih i ugostiteljskih kapaciteta, te produljenje sezone na svih 12 mjeseci u godini \u0107e osigurati ja\u010danje konkurentnosti te \u0107e pozitivno utjecati na ciljne skupine i krajnje korisnike projekta.<\/p>\n<p>Ukupna vrijednost projekta: 16.758.785,86 HRK<br \/>\nUkupni prihvatljivi tro\u0161kovi: 13.014.820,28\u00a0 HRK<\/p>\n<p>Iznos bespovratnih sredstava: 5.925.678,84 HRK<br \/>\nVrste potpora, maksimalan intenzitet i maksimalan iznos potpore je utvr\u0111en kako slijedi:<\/p>\n<table width=\"565\">\n<tbody>\n<tr>\n<td width=\"320\">Vrste potpora<\/td>\n<td width=\"123\">Maksimalan intenzitet potpore<\/td>\n<td width=\"123\">Maksimalan iznos potpore u HRK<\/td>\n<\/tr>\n<tr>\n<td width=\"320\">Regionalne potpore<\/td>\n<td width=\"123\">49,99%<\/td>\n<td width=\"123\">5.479.571,67<\/td>\n<\/tr>\n<tr>\n<td width=\"320\">Potpore za savjetodavne usluge u korist MSP-ova<\/td>\n<td width=\"123\">50,00%<\/td>\n<td width=\"123\">252.000,00<\/td>\n<\/tr>\n<tr>\n<td width=\"320\">Potpore MSP-ovima za sudjelovanje na sajmovima<\/td>\n<td width=\"123\">50,00%<\/td>\n<td width=\"123\">99.222,17<\/td>\n<\/tr>\n<tr>\n<td width=\"320\">Potpora za usavr\u0161avanje<\/td>\n<td width=\"123\">70,00%<\/td>\n<td width=\"123\">94.885,00<\/td>\n<\/tr>\n<\/tbody>\n<\/table>\n<p>Razdoblje provedbe projekta : od 11. lipnja 2017. godine \u2013 11. lipnja 2019. godine<br \/>\nKontakt za dodatne informacije: <a href=\"aleksandar.gilja@rotokor.com\">danijela.bosnjak@rotokor.com<\/a><\/p>\n<p>Status projekta: Projekt je zavr\u0161en.<\/p>\n<p><strong>REZULTATI<\/strong><br \/>\nR1 Izgra\u0111eni, opremljeni i rekonstruirani objekti s dodatnim sadr\u017eajima te isho\u0111eni uvjeti za kategorizaciju turisti\u010dkog naselja 4*<br \/>\nR2 Implementirano integrirano IKT rje\u0161enje za ukupno poslovanje turisti\u010dkog naselja<br \/>\nR3 Oja\u010dani ljudski kapaciteti edukacijama iz podru\u010dja turizma<br \/>\nR4 Pove\u0107ana vidljivost tvrtke na atraktivnim me\u0111unarodnim tr\u017ei\u0161tima<\/p>\n<table width=\"0\">\n<tbody>\n<tr>\n<td rowspan=\"2\" width=\"162\"><strong>Identifikacijski broj, ime i jedinica unaprijed odre\u0111enogpokazatelja<\/strong><\/td>\n<td colspan=\"2\" width=\"468\"><strong>\u00a0Mjerene vrijednost<\/strong><\/td>\n<td width=\"208\"><strong>Doprinos<\/strong><\/td>\n<td width=\"9\"><\/td>\n<\/tr>\n<tr>\n<td width=\"88\"><strong>Polazi\u0161na vrijednost<\/strong><\/td>\n<td width=\"380\"><strong>Ciljana vrijednost<\/strong><\/td>\n<td colspan=\"2\" width=\"217\"><strong>\u00a0<\/strong><\/td>\n<\/tr>\n<tr>\n<td width=\"162\">Proizvodno ulaganje: Porast zapo\u0161ljavanja u poduze\u0107imakoja primaju potporu (Broj zaposlenih)<\/td>\n<td width=\"88\">0,00<\/td>\n<td width=\"380\">6,00<\/td>\n<td colspan=\"2\">6,00<\/td>\n<\/tr>\n<tr>\n<td width=\"162\">Popunjenost smje\u0161tajnih kapaciteta ugostiteljskog objekta(%)<\/td>\n<td width=\"88\">0,00<\/td>\n<td width=\"380\">40,00<\/td>\n<td colspan=\"2\">40,00<\/td>\n<\/tr>\n<tr>\n<td width=\"162\">Produljenje turisti\u010dke sezone (broj mjeseci poslovanjaugostiteljskog objekta)<\/td>\n<td width=\"88\">0,00<\/td>\n<td width=\"380\">12,00<\/td>\n<td colspan=\"2\" width=\"217\">12,00<\/td>\n<\/tr>\n<tr>\n<td width=\"162\">Pove\u0107anje prihoda poduze\u0107a od prodaje u turizmu (%)<\/td>\n<td width=\"88\">8.101.569,00<\/td>\n<td width=\"380\">11.589.475,00<\/td>\n<td colspan=\"2\" width=\"217\">3.487.906,00<\/td>\n<\/tr>\n<tr>\n<td width=\"162\">Udio privatnih sredstava u ukupnom ulaganju kojaodgovaraju javnoj potpori (bespovratna sredstva) (Kn)<\/td>\n<td width=\"88\">0,00<\/td>\n<td width=\"380\">1,80<\/td>\n<td colspan=\"2\" width=\"217\">1,80<\/td>\n<\/tr>\n<\/tbody>\n<\/table>\n<p>Projekt je sufinancirala Europska unija iz Europskog fonda za regionalni razvoj.<\/p>\n<p>Sadr\u017eaj ove Internet stranice isklju\u010diva je odgovornost tvrtke Rotokor d.o.o.<\/p>\n<p>&nbsp;<\/p>\n<h3><strong> 25.10.2017. &#8211; Dokumentacija za nadmetanje &#8211; Radovi na rekonstrukciji Rotokor d.o.o.<\/strong><\/h3>\n<p><a style=\"font-size: 16px;\" href=\"https:\/\/static.plitvice.com\/uploads\/2018\/09\/DZN-Rotokor.zip\" target=\"_blank\" rel=\"noopener noreferrer\">Dokumentacija za nadmetanje<\/a><br \/>\n<a href=\"https:\/\/static.plitvice.com\/uploads\/2018\/09\/Odluka-o-odabiru.pdf\" target=\"_blank\" rel=\"noopener noreferrer\">Odluka o odabiru<\/a><\/p>\n<p>&nbsp;<\/p>\n<p><span style=\"font-size: xx-large;\"><strong>26.04.2019. &#8211; Dokumentacija za nadmetanje &#8211; Nabava IKT rje\u0161enja Rotokor d.o.o.<\/strong><\/span><\/p>\n<p><a href=\"https:\/\/www.plitvice.com\/wp-content\/uploads\/2019\/07\/IKT__DZN.zip\"><span style=\"color: #106815;\">Dokumentacija\u00a0za nadmetanje<\/span><\/a><br \/>\n<a href=\"https:\/\/www.plitvice.com\/wp-content\/uploads\/2019\/05\/odluka-o-odabiru-ikt.pdf\">Odluka o odabiru<\/a><\/p>\n<p>&nbsp;<\/p>\n<p>[\/et_pb_text][\/et_pb_column][\/et_pb_row][\/et_pb_section]<\/p>\n","protected":false},"excerpt":{"rendered":"<p>Ulaganje u Turisti\u010dko naselje Plitvice Holiday Resort 4* &nbsp; Europska unija &#8211;\u00a0http:\/\/www.strukturnifondovi.hr\/op-konkurentnost-i-kohezija-2014-2020-779 Zajedno do EU fondova www.strukturnifondovi.hr Naziv projekta: Ulaganje u turisti\u010dko naselje Plitvice Holiday Resort 4* Korisnik: Rotokor d.o.o., Grabovac 102, 47245 Rakovica Broj ugovora: KK.03.2.1.04.0040 Kratak opis projekta: Ulaganjem u ime projekta pove\u0107ati \u0107e se kapaciteti smje\u0161tajnih jedinica, te \u0107e se stvoriti i [&hellip;]<\/p>\n","protected":false},"author":1,"featured_media":0,"parent":0,"menu_order":0,"comment_status":"closed","ping_status":"closed","template":"","meta":{"_et_pb_use_builder":"on","_et_pb_old_content":"","_et_gb_content_width":""},"_links":{"self":[{"href":"https:\/\/www.old.plitvice.com\/hr\/wp-json\/wp\/v2\/pages\/5082"}],"collection":[{"href":"https:\/\/www.old.plitvice.com\/hr\/wp-json\/wp\/v2\/pages"}],"about":[{"href":"https:\/\/www.old.plitvice.com\/hr\/wp-json\/wp\/v2\/types\/page"}],"author":[{"embeddable":true,"href":"https:\/\/www.old.plitvice.com\/hr\/wp-json\/wp\/v2\/users\/1"}],"replies":[{"embeddable":true,"href":"https:\/\/www.old.plitvice.com\/hr\/wp-json\/wp\/v2\/comments?post=5082"}],"version-history":[{"count":0,"href":"https:\/\/www.old.plitvice.com\/hr\/wp-json\/wp\/v2\/pages\/5082\/revisions"}],"wp:attachment":[{"href":"https:\/\/www.old.plitvice.com\/hr\/wp-json\/wp\/v2\/media?parent=5082"}],"curies":[{"name":"wp","href":"https:\/\/api.w.org\/{rel}","templated":true}]}}